{"id":289,"date":"2023-03-24T15:12:59","date_gmt":"2023-03-24T15:12:59","guid":{"rendered":"https:\/\/growtalent.cl\/?page_id=289"},"modified":"2023-04-05T15:12:20","modified_gmt":"2023-04-05T15:12:20","slug":"contencion-y-manejo-de-crisis","status":"publish","type":"page","link":"https:\/\/growtalent.cl\/index.php\/contencion-y-manejo-de-crisis\/","title":{"rendered":"Contenci\u00f3n y Manejo de Crisis"},"content":{"rendered":"\t\t<div data-elementor-type=\"wp-page\" data-elementor-id=\"289\" class=\"elementor elementor-289\" data-elementor-post-type=\"page\">\n\t\t\t\t\t\t<section class=\"elementor-section elementor-top-section elementor-element elementor-element-aeda12d elementor-section-boxed elementor-section-height-default elementor-section-height-default\" data-id=\"aeda12d\" data-element_type=\"section\" data-e-type=\"section\" data-settings=\"{&quot;background_background&quot;:&quot;slideshow&quot;,&quot;background_slideshow_gallery&quot;:[{&quot;id&quot;:169,&quot;url&quot;:&quot;https:\\\/\\\/growtalent.cl\\\/wp-content\\\/uploads\\\/2023\\\/03\\\/dc7eca5bb28a9adafe12b82821cf2961-scaled.jpg&quot;}],&quot;background_slideshow_loop&quot;:&quot;yes&quot;,&quot;background_slideshow_slide_duration&quot;:5000,&quot;background_slideshow_slide_transition&quot;:&quot;fade&quot;,&quot;background_slideshow_transition_duration&quot;:500}\">\n\t\t\t\t\t\t\t<div class=\"elementor-background-overlay\"><\/div>\n\t\t\t\t\t\t\t<div class=\"elementor-container elementor-column-gap-default\">\n\t\t\t\t\t<div class=\"elementor-column elementor-col-100 elementor-top-column elementor-element elementor-element-e489631\" data-id=\"e489631\" data-element_type=\"column\" data-e-type=\"column\">\n\t\t\t<div class=\"elementor-widget-wrap\">\n\t\t\t\t\t\t\t<\/div>\n\t\t<\/div>\n\t\t\t\t\t<\/div>\n\t\t<\/section>\n\t\t\t\t<section class=\"elementor-section elementor-top-section elementor-element elementor-element-4f135c94 elementor-section-full_width elementor-section-height-default elementor-section-height-default\" data-id=\"4f135c94\" data-element_type=\"section\" data-e-type=\"section\">\n\t\t\t\t\t\t<div class=\"elementor-container elementor-column-gap-default\">\n\t\t\t\t\t<div class=\"elementor-column elementor-col-100 elementor-top-column elementor-element elementor-element-119249d5\" data-id=\"119249d5\" data-element_type=\"column\" data-e-type=\"column\">\n\t\t\t<div class=\"elementor-widget-wrap elementor-element-populated\">\n\t\t\t\t\t\t<section class=\"elementor-section elementor-inner-section elementor-element elementor-element-693997af elementor-section-boxed elementor-section-height-default elementor-section-height-default\" data-id=\"693997af\" data-element_type=\"section\" data-e-type=\"section\">\n\t\t\t\t\t\t<div class=\"elementor-container elementor-column-gap-default\">\n\t\t\t\t\t<div class=\"elementor-column elementor-col-100 elementor-inner-column elementor-element elementor-element-7efdd101\" data-id=\"7efdd101\" data-element_type=\"column\" data-e-type=\"column\">\n\t\t\t<div class=\"elementor-widget-wrap elementor-element-populated\">\n\t\t\t\t\t\t<div class=\"elementor-element elementor-element-5954db81 elementor-drop-cap-yes elementor-drop-cap-view-default elementor-widget elementor-widget-text-editor\" data-id=\"5954db81\" data-element_type=\"widget\" data-e-type=\"widget\" data-settings=\"{&quot;drop_cap&quot;:&quot;yes&quot;}\" data-widget_type=\"text-editor.default\">\n\t\t\t\t<div class=\"elementor-widget-container\">\n\t\t\t\t\t\t\t\t\t<p><\/p>\n<p><\/p>\n<p><\/p>\n<h4 class=\"wp-block-heading\">Contenci\u00f3n y Manejo de Crisis<\/h4>\n<p><\/p>\n<p>\u00bfPreocupado, estresado, agobiado por la situaci\u00f3n actual, por los cambios que se est\u00e1n viviendo?<\/p>\n<p>En momentos de crisis, ya sea de una forma m\u00e1s global o espec\u00edfica de la empresa, y para mantener un clima laboral arm\u00f3nico, de calidad y abrir canales de comunicaci\u00f3n con los colaboradores, a veces se requiere de asistencia externa que permita sobrellevar estos momentos; y as\u00ed contribuir en el desarrollo de un espacio de contenci\u00f3n que procure la reducci\u00f3n de los efectos negativos, la disminuci\u00f3n del estr\u00e9s; y en general, el bienestar emocional de nuestros trabajadores.<\/p>\n<p>\u00a0<\/p>\n<p>Grow Talent con su servicio de Asistencia en Crisis, ofrece Psic\u00f3logos especializados que se encargan de dar soporte y acompa\u00f1ar a los colaboradores con el objetivo de disminuir el estr\u00e9s y la ansiedad que puedan provocarse bajo el contexto de incertidumbre y dinamismo actual (problemas personales, realidad econ\u00f3mica social del pa\u00eds, Covid-19, otros), procurando evitar una desmotivaci\u00f3n laboral y un da\u00f1o psicoemocional mayor.<\/p>\n<p><br \/>Algunos de nuestros consejos para momentos de crisis son:<\/p>\n<ul class=\"wp-block-list\">\n<li>Es \u00fatil en estos momentos tener canales de comunicaci\u00f3n fluida con tu equipo.<\/li>\n<li>Presentar los positivos de lo que est\u00e1 pasando.<\/li>\n<li>Empatizar con las realidades de los colaboradores.<\/li>\n<li>No hay que intentar tapar el sol con un dedo. Se necesita hablar y escuchar, pero tambi\u00e9n decidir en conjunto que hay que seguir operando, ver qu\u00e9 se necesita y como cada uno puedo aportar a esto.<\/li>\n<li>Reuniones de equipo para organizar y ver contingencias durante tiempos cambiantes.<\/li>\n<li>Reuniones de contenci\u00f3n para ver c\u00f3mo los colaboradores est\u00e1n viviendo la situaci\u00f3n.<\/li>\n<\/ul>\n<p><\/p>\t\t\t\t\t\t\t\t<\/div>\n\t\t\t\t<\/div>\n\t\t\t\t\t<\/div>\n\t\t<\/div>\n\t\t\t\t\t<\/div>\n\t\t<\/section>\n\t\t\t\t\t<\/div>\n\t\t<\/div>\n\t\t\t\t\t<\/div>\n\t\t<\/section>\n\t\t\t\t<\/div>\n\t\t","protected":false},"excerpt":{"rendered":"<p>Contenci\u00f3n y Manejo de Crisis \u00bfPreocupado, estresado, agobiado por la situaci\u00f3n actual, por los cambios que se est\u00e1n viviendo? En momentos de crisis, ya sea de una forma m\u00e1s global o espec\u00edfica de la empresa, y para mantener un clima laboral arm\u00f3nico, de calidad y abrir canales de comunicaci\u00f3n con los colaboradores, a veces se [&hellip;]<\/p>\n","protected":false},"author":1,"featured_media":0,"parent":0,"menu_order":0,"comment_status":"closed","ping_status":"closed","template":"","meta":{"footnotes":""},"class_list":["post-289","page","type-page","status-publish","hentry"],"_links":{"self":[{"href":"https:\/\/growtalent.cl\/index.php\/wp-json\/wp\/v2\/pages\/289","targetHints":{"allow":["GET"]}}],"collection":[{"href":"https:\/\/growtalent.cl\/index.php\/wp-json\/wp\/v2\/pages"}],"about":[{"href":"https:\/\/growtalent.cl\/index.php\/wp-json\/wp\/v2\/types\/page"}],"author":[{"embeddable":true,"href":"https:\/\/growtalent.cl\/index.php\/wp-json\/wp\/v2\/users\/1"}],"replies":[{"embeddable":true,"href":"https:\/\/growtalent.cl\/index.php\/wp-json\/wp\/v2\/comments?post=289"}],"version-history":[{"count":10,"href":"https:\/\/growtalent.cl\/index.php\/wp-json\/wp\/v2\/pages\/289\/revisions"}],"predecessor-version":[{"id":440,"href":"https:\/\/growtalent.cl\/index.php\/wp-json\/wp\/v2\/pages\/289\/revisions\/440"}],"wp:attachment":[{"href":"https:\/\/growtalent.cl\/index.php\/wp-json\/wp\/v2\/media?parent=289"}],"curies":[{"name":"wp","href":"https:\/\/api.w.org\/{rel}","templated":true}]}}