{"id":284,"date":"2023-03-24T15:11:05","date_gmt":"2023-03-24T15:11:05","guid":{"rendered":"https:\/\/growtalent.cl\/?page_id=284"},"modified":"2023-04-05T15:10:31","modified_gmt":"2023-04-05T15:10:31","slug":"charlas-y-capacitaciones-de-contingencia","status":"publish","type":"page","link":"https:\/\/growtalent.cl\/index.php\/charlas-y-capacitaciones-de-contingencia\/","title":{"rendered":"Charlas y Capacitaciones de Contingencia"},"content":{"rendered":"\t\t<div data-elementor-type=\"wp-page\" data-elementor-id=\"284\" class=\"elementor elementor-284\" data-elementor-post-type=\"page\">\n\t\t\t\t\t\t<section class=\"elementor-section elementor-top-section elementor-element elementor-element-8cd59db elementor-section-boxed elementor-section-height-default elementor-section-height-default\" data-id=\"8cd59db\" data-element_type=\"section\" data-e-type=\"section\" data-settings=\"{&quot;background_background&quot;:&quot;slideshow&quot;,&quot;background_slideshow_gallery&quot;:[{&quot;id&quot;:169,&quot;url&quot;:&quot;https:\\\/\\\/growtalent.cl\\\/wp-content\\\/uploads\\\/2023\\\/03\\\/dc7eca5bb28a9adafe12b82821cf2961-scaled.jpg&quot;}],&quot;background_slideshow_loop&quot;:&quot;yes&quot;,&quot;background_slideshow_slide_duration&quot;:5000,&quot;background_slideshow_slide_transition&quot;:&quot;fade&quot;,&quot;background_slideshow_transition_duration&quot;:500}\">\n\t\t\t\t\t\t\t<div class=\"elementor-background-overlay\"><\/div>\n\t\t\t\t\t\t\t<div class=\"elementor-container elementor-column-gap-default\">\n\t\t\t\t\t<div class=\"elementor-column elementor-col-100 elementor-top-column elementor-element elementor-element-b68ee9c\" data-id=\"b68ee9c\" data-element_type=\"column\" data-e-type=\"column\">\n\t\t\t<div class=\"elementor-widget-wrap\">\n\t\t\t\t\t\t\t<\/div>\n\t\t<\/div>\n\t\t\t\t\t<\/div>\n\t\t<\/section>\n\t\t\t\t<section class=\"elementor-section elementor-top-section elementor-element elementor-element-39bd9fc3 elementor-section-full_width elementor-section-height-default elementor-section-height-default\" data-id=\"39bd9fc3\" data-element_type=\"section\" data-e-type=\"section\">\n\t\t\t\t\t\t<div class=\"elementor-container elementor-column-gap-default\">\n\t\t\t\t\t<div class=\"elementor-column elementor-col-100 elementor-top-column elementor-element elementor-element-4c26a5f0\" data-id=\"4c26a5f0\" data-element_type=\"column\" data-e-type=\"column\">\n\t\t\t<div class=\"elementor-widget-wrap elementor-element-populated\">\n\t\t\t\t\t\t<section class=\"elementor-section elementor-inner-section elementor-element elementor-element-559d5700 elementor-section-boxed elementor-section-height-default elementor-section-height-default\" data-id=\"559d5700\" data-element_type=\"section\" data-e-type=\"section\">\n\t\t\t\t\t\t<div class=\"elementor-container elementor-column-gap-default\">\n\t\t\t\t\t<div class=\"elementor-column elementor-col-100 elementor-inner-column elementor-element elementor-element-5fcd5402\" data-id=\"5fcd5402\" data-element_type=\"column\" data-e-type=\"column\">\n\t\t\t<div class=\"elementor-widget-wrap elementor-element-populated\">\n\t\t\t\t\t\t<div class=\"elementor-element elementor-element-3abef1bd elementor-drop-cap-yes elementor-drop-cap-view-default elementor-widget elementor-widget-text-editor\" data-id=\"3abef1bd\" data-element_type=\"widget\" data-e-type=\"widget\" data-settings=\"{&quot;drop_cap&quot;:&quot;yes&quot;}\" data-widget_type=\"text-editor.default\">\n\t\t\t\t<div class=\"elementor-widget-container\">\n\t\t\t\t\t\t\t\t\t<p><\/p>\n<p><\/p>\n<p><\/p>\n<h4 class=\"wp-block-heading\">Charlas y Capacitaciones de Contingencia<\/h4>\n<p><\/p>\n<p>Informa, escucha, potencia y saca lo mejor de tu equipo en tiempos de teletrabajo!<\/p>\n<p><strong>Algunas tem\u00e1ticas:<\/strong><\/p>\n<ul class=\"wp-block-list\">\n<li>T\u00e9cnicas de gesti\u00f3n y autocuidado en la realidad del teletrabajo<\/li>\n<li>Salud mental, contenci\u00f3n emocional, reconocer indicadores de crisis, como elementos protectores.<\/li>\n<\/ul>\n<p>\u00a0<\/p>\n<p>Grow Talent ha desarrollado 3 etapas para asegurar la efectividad del proceso de transferencia del aprendizaje tanto en sus servicios personales, como empresariales.<br \/>1. Diagn\u00f3stico de Necesidades de Capacitaci\u00f3n<br \/>2. Intervenci\u00f3n\u00a0<br \/>3. Seguimiento<\/p>\n<p><\/p>\t\t\t\t\t\t\t\t<\/div>\n\t\t\t\t<\/div>\n\t\t\t\t\t<\/div>\n\t\t<\/div>\n\t\t\t\t\t<\/div>\n\t\t<\/section>\n\t\t\t\t\t<\/div>\n\t\t<\/div>\n\t\t\t\t\t<\/div>\n\t\t<\/section>\n\t\t\t\t<\/div>\n\t\t","protected":false},"excerpt":{"rendered":"<p>Charlas y Capacitaciones de Contingencia Informa, escucha, potencia y saca lo mejor de tu equipo en tiempos de teletrabajo! Algunas tem\u00e1ticas: T\u00e9cnicas de gesti\u00f3n y autocuidado en la realidad del teletrabajo Salud mental, contenci\u00f3n emocional, reconocer indicadores de crisis, como elementos protectores. \u00a0 Grow Talent ha desarrollado 3 etapas para asegurar la efectividad del proceso [&hellip;]<\/p>\n","protected":false},"author":1,"featured_media":0,"parent":0,"menu_order":0,"comment_status":"closed","ping_status":"closed","template":"","meta":{"footnotes":""},"class_list":["post-284","page","type-page","status-publish","hentry"],"_links":{"self":[{"href":"https:\/\/growtalent.cl\/index.php\/wp-json\/wp\/v2\/pages\/284","targetHints":{"allow":["GET"]}}],"collection":[{"href":"https:\/\/growtalent.cl\/index.php\/wp-json\/wp\/v2\/pages"}],"about":[{"href":"https:\/\/growtalent.cl\/index.php\/wp-json\/wp\/v2\/types\/page"}],"author":[{"embeddable":true,"href":"https:\/\/growtalent.cl\/index.php\/wp-json\/wp\/v2\/users\/1"}],"replies":[{"embeddable":true,"href":"https:\/\/growtalent.cl\/index.php\/wp-json\/wp\/v2\/comments?post=284"}],"version-history":[{"count":10,"href":"https:\/\/growtalent.cl\/index.php\/wp-json\/wp\/v2\/pages\/284\/revisions"}],"predecessor-version":[{"id":437,"href":"https:\/\/growtalent.cl\/index.php\/wp-json\/wp\/v2\/pages\/284\/revisions\/437"}],"wp:attachment":[{"href":"https:\/\/growtalent.cl\/index.php\/wp-json\/wp\/v2\/media?parent=284"}],"curies":[{"name":"wp","href":"https:\/\/api.w.org\/{rel}","templated":true}]}}