{"id":271,"date":"2023-03-24T15:06:45","date_gmt":"2023-03-24T15:06:45","guid":{"rendered":"https:\/\/growtalent.cl\/?page_id=271"},"modified":"2023-03-28T18:13:26","modified_gmt":"2023-03-28T18:13:26","slug":"coaching","status":"publish","type":"page","link":"https:\/\/growtalent.cl\/index.php\/coaching\/","title":{"rendered":"Coaching"},"content":{"rendered":"\t\t<div data-elementor-type=\"wp-page\" data-elementor-id=\"271\" class=\"elementor elementor-271\" data-elementor-post-type=\"page\">\n\t\t\t\t\t\t<section class=\"elementor-section elementor-top-section elementor-element elementor-element-4d8745a elementor-section-boxed elementor-section-height-default elementor-section-height-default\" data-id=\"4d8745a\" data-element_type=\"section\" data-e-type=\"section\" data-settings=\"{&quot;background_background&quot;:&quot;slideshow&quot;,&quot;background_slideshow_gallery&quot;:[{&quot;id&quot;:169,&quot;url&quot;:&quot;https:\\\/\\\/growtalent.cl\\\/wp-content\\\/uploads\\\/2023\\\/03\\\/dc7eca5bb28a9adafe12b82821cf2961-scaled.jpg&quot;}],&quot;background_slideshow_loop&quot;:&quot;yes&quot;,&quot;background_slideshow_slide_duration&quot;:5000,&quot;background_slideshow_slide_transition&quot;:&quot;fade&quot;,&quot;background_slideshow_transition_duration&quot;:500}\">\n\t\t\t\t\t\t\t<div class=\"elementor-background-overlay\"><\/div>\n\t\t\t\t\t\t\t<div class=\"elementor-container elementor-column-gap-default\">\n\t\t\t\t\t<div class=\"elementor-column elementor-col-100 elementor-top-column elementor-element elementor-element-213705b\" data-id=\"213705b\" data-element_type=\"column\" data-e-type=\"column\">\n\t\t\t<div class=\"elementor-widget-wrap\">\n\t\t\t\t\t\t\t<\/div>\n\t\t<\/div>\n\t\t\t\t\t<\/div>\n\t\t<\/section>\n\t\t\t\t<section class=\"elementor-section elementor-top-section elementor-element elementor-element-65494762 elementor-section-full_width elementor-section-height-default elementor-section-height-default\" data-id=\"65494762\" data-element_type=\"section\" data-e-type=\"section\">\n\t\t\t\t\t\t<div class=\"elementor-container elementor-column-gap-default\">\n\t\t\t\t\t<div class=\"elementor-column elementor-col-100 elementor-top-column elementor-element elementor-element-bc5f746\" data-id=\"bc5f746\" data-element_type=\"column\" data-e-type=\"column\">\n\t\t\t<div class=\"elementor-widget-wrap elementor-element-populated\">\n\t\t\t\t\t\t<section class=\"elementor-section elementor-inner-section elementor-element elementor-element-38786fd6 elementor-section-boxed elementor-section-height-default elementor-section-height-default\" data-id=\"38786fd6\" data-element_type=\"section\" data-e-type=\"section\">\n\t\t\t\t\t\t<div class=\"elementor-container elementor-column-gap-default\">\n\t\t\t\t\t<div class=\"elementor-column elementor-col-100 elementor-inner-column elementor-element elementor-element-4198de\" data-id=\"4198de\" data-element_type=\"column\" data-e-type=\"column\">\n\t\t\t<div class=\"elementor-widget-wrap elementor-element-populated\">\n\t\t\t\t\t\t<div class=\"elementor-element elementor-element-76a0b7ad elementor-drop-cap-yes elementor-drop-cap-view-default elementor-widget elementor-widget-text-editor\" data-id=\"76a0b7ad\" data-element_type=\"widget\" data-e-type=\"widget\" data-settings=\"{&quot;drop_cap&quot;:&quot;yes&quot;}\" data-widget_type=\"text-editor.default\">\n\t\t\t\t<div class=\"elementor-widget-container\">\n\t\t\t\t\t\t\t\t\t<p><\/p><p><\/p><p><\/p><h4 class=\"wp-block-heading\">Coaching<\/h4><p><\/p><p>Nuestros programas de desarrollo en habilidades profesionales y directivas se basan en s\u00f3lidas investigaciones cient\u00edficas, publicaciones y expertos internacionales. Poseen la capacidad para adaptarse a las necesidades, modelos de competencias, cultura y preferencias de cada organizaci\u00f3n; igualmente pueden ser desplegados de forma particular.<\/p><p><strong>\u00bfQui\u00e9nes deber\u00edan desarrollar un proceso de Coaching?<\/strong><br \/>Personas naturales, profesionales y\/o Ejecutivos que tengan por objetivo el conocer, evaluar y desarrollar sus habilidades, en el marco de un programa creado para facilitar el aprendizaje de conductas atingentes a la realidad en que est\u00e1n circunscritos o el rol profesional que ocupan \u2013 o esperan ocupar \u2013 en su vida personal o en la empresa u organizaci\u00f3n de la que forman parte.<\/p><p>El talento, al igual que las fortalezas y debilidades, son caracter\u00edsticas que todas las personas poseemos, pero que ser\u00e1n valoradas seg\u00fan el contexto y cultura de la que seamos parte. Quienes busquen avanzar en su desarrollo personal y profesional haciendo uso de uno de los enfoques metodol\u00f3gicos m\u00e1s potentes del mercado, encontrar\u00e1n aqu\u00ed respuesta a sus demandas.<\/p><p><\/p>\t\t\t\t\t\t\t\t<\/div>\n\t\t\t\t<\/div>\n\t\t\t\t\t<\/div>\n\t\t<\/div>\n\t\t\t\t\t<\/div>\n\t\t<\/section>\n\t\t\t\t\t<\/div>\n\t\t<\/div>\n\t\t\t\t\t<\/div>\n\t\t<\/section>\n\t\t\t\t<\/div>\n\t\t","protected":false},"excerpt":{"rendered":"<p>Coaching Nuestros programas de desarrollo en habilidades profesionales y directivas se basan en s\u00f3lidas investigaciones cient\u00edficas, publicaciones y expertos internacionales. Poseen la capacidad para adaptarse a las necesidades, modelos de competencias, cultura y preferencias de cada organizaci\u00f3n; igualmente pueden ser desplegados de forma particular. \u00bfQui\u00e9nes deber\u00edan desarrollar un proceso de Coaching?Personas naturales, profesionales y\/o Ejecutivos [&hellip;]<\/p>\n","protected":false},"author":1,"featured_media":0,"parent":0,"menu_order":0,"comment_status":"closed","ping_status":"closed","template":"","meta":{"footnotes":""},"class_list":["post-271","page","type-page","status-publish","hentry"],"_links":{"self":[{"href":"https:\/\/growtalent.cl\/index.php\/wp-json\/wp\/v2\/pages\/271","targetHints":{"allow":["GET"]}}],"collection":[{"href":"https:\/\/growtalent.cl\/index.php\/wp-json\/wp\/v2\/pages"}],"about":[{"href":"https:\/\/growtalent.cl\/index.php\/wp-json\/wp\/v2\/types\/page"}],"author":[{"embeddable":true,"href":"https:\/\/growtalent.cl\/index.php\/wp-json\/wp\/v2\/users\/1"}],"replies":[{"embeddable":true,"href":"https:\/\/growtalent.cl\/index.php\/wp-json\/wp\/v2\/comments?post=271"}],"version-history":[{"count":7,"href":"https:\/\/growtalent.cl\/index.php\/wp-json\/wp\/v2\/pages\/271\/revisions"}],"predecessor-version":[{"id":382,"href":"https:\/\/growtalent.cl\/index.php\/wp-json\/wp\/v2\/pages\/271\/revisions\/382"}],"wp:attachment":[{"href":"https:\/\/growtalent.cl\/index.php\/wp-json\/wp\/v2\/media?parent=271"}],"curies":[{"name":"wp","href":"https:\/\/api.w.org\/{rel}","templated":true}]}}