{"id":245,"date":"2023-03-24T14:52:51","date_gmt":"2023-03-24T14:52:51","guid":{"rendered":"https:\/\/growtalent.cl\/?page_id=245"},"modified":"2023-03-28T18:14:58","modified_gmt":"2023-03-28T18:14:58","slug":"evaluacion-psicolaboral","status":"publish","type":"page","link":"https:\/\/growtalent.cl\/index.php\/evaluacion-psicolaboral\/","title":{"rendered":"Evaluaci\u00f3n Psicolaboral"},"content":{"rendered":"\t\t<div data-elementor-type=\"wp-page\" data-elementor-id=\"245\" class=\"elementor elementor-245\" data-elementor-post-type=\"page\">\n\t\t\t\t\t\t<section class=\"elementor-section elementor-top-section elementor-element elementor-element-ad04d83 elementor-section-boxed elementor-section-height-default elementor-section-height-default\" data-id=\"ad04d83\" data-element_type=\"section\" data-e-type=\"section\" data-settings=\"{&quot;background_background&quot;:&quot;slideshow&quot;,&quot;background_slideshow_gallery&quot;:[{&quot;id&quot;:169,&quot;url&quot;:&quot;https:\\\/\\\/growtalent.cl\\\/wp-content\\\/uploads\\\/2023\\\/03\\\/dc7eca5bb28a9adafe12b82821cf2961-scaled.jpg&quot;}],&quot;background_slideshow_loop&quot;:&quot;yes&quot;,&quot;background_slideshow_slide_duration&quot;:5000,&quot;background_slideshow_slide_transition&quot;:&quot;fade&quot;,&quot;background_slideshow_transition_duration&quot;:500}\">\n\t\t\t\t\t\t\t<div class=\"elementor-background-overlay\"><\/div>\n\t\t\t\t\t\t\t<div class=\"elementor-container elementor-column-gap-default\">\n\t\t\t\t\t<div class=\"elementor-column elementor-col-100 elementor-top-column elementor-element elementor-element-0d4ab55\" data-id=\"0d4ab55\" data-element_type=\"column\" data-e-type=\"column\">\n\t\t\t<div class=\"elementor-widget-wrap\">\n\t\t\t\t\t\t\t<\/div>\n\t\t<\/div>\n\t\t\t\t\t<\/div>\n\t\t<\/section>\n\t\t\t\t<section class=\"elementor-section elementor-top-section elementor-element elementor-element-45dd3cdf elementor-section-full_width elementor-section-height-default elementor-section-height-default\" data-id=\"45dd3cdf\" data-element_type=\"section\" data-e-type=\"section\">\n\t\t\t\t\t\t<div class=\"elementor-container elementor-column-gap-default\">\n\t\t\t\t\t<div class=\"elementor-column elementor-col-100 elementor-top-column elementor-element elementor-element-7f262e9a\" data-id=\"7f262e9a\" data-element_type=\"column\" data-e-type=\"column\">\n\t\t\t<div class=\"elementor-widget-wrap elementor-element-populated\">\n\t\t\t\t\t\t<section class=\"elementor-section elementor-inner-section elementor-element elementor-element-5a071784 elementor-section-boxed elementor-section-height-default elementor-section-height-default\" data-id=\"5a071784\" data-element_type=\"section\" data-e-type=\"section\">\n\t\t\t\t\t\t<div class=\"elementor-container elementor-column-gap-default\">\n\t\t\t\t\t<div class=\"elementor-column elementor-col-100 elementor-inner-column elementor-element elementor-element-6fbfcd2\" data-id=\"6fbfcd2\" data-element_type=\"column\" data-e-type=\"column\">\n\t\t\t<div class=\"elementor-widget-wrap elementor-element-populated\">\n\t\t\t\t\t\t<div class=\"elementor-element elementor-element-28c3d878 elementor-drop-cap-yes elementor-drop-cap-view-default elementor-widget elementor-widget-text-editor\" data-id=\"28c3d878\" data-element_type=\"widget\" data-e-type=\"widget\" data-settings=\"{&quot;drop_cap&quot;:&quot;yes&quot;}\" data-widget_type=\"text-editor.default\">\n\t\t\t\t<div class=\"elementor-widget-container\">\n\t\t\t\t\t\t\t\t\t<p><\/p><p><\/p><p><\/p><h4 class=\"wp-block-heading\">Evaluaci\u00f3n Psicolaboral<\/h4><p><\/p><p><\/p><p><\/p><p>La Evaluaci\u00f3n Psicolaboral es una herramienta que permite conocer en profundidad a un candidato en sus aspectos laborales, personales y drivers motivacionales, elementos esenciales para el desempe\u00f1o en un cargo.<\/p><p>Este servicio es muy valorado por aquellas organizaciones que buscan personal por sus propios\u00a0medios y requieren una evaluaci\u00f3n externa calificada y objetiva, que valide su decisi\u00f3n o aconseje la incorporaci\u00f3n, determinando sus fortalezas y aspectos a desarrollar por sus l\u00edderes o la organizaci\u00f3n.<\/p><p>a. <strong>Entrevista<\/strong>: A trav\u00e9s de profesionales con alta y amplia experiencia en el mercado\u00a0y en la evaluaci\u00f3n de candidatos.<br \/>b. <strong>Pruebas Psicom\u00e9tricas<\/strong>: Amplio conocimiento de la psicometr\u00eda disponible en el mercado que busca poder aportar en el proceso evaluativo de forma objetiva y determinar brechas y fortalezas de sus evaluados.<\/p><p><\/p>\t\t\t\t\t\t\t\t<\/div>\n\t\t\t\t<\/div>\n\t\t\t\t\t<\/div>\n\t\t<\/div>\n\t\t\t\t\t<\/div>\n\t\t<\/section>\n\t\t\t\t\t<\/div>\n\t\t<\/div>\n\t\t\t\t\t<\/div>\n\t\t<\/section>\n\t\t\t\t<\/div>\n\t\t","protected":false},"excerpt":{"rendered":"<p>Evaluaci\u00f3n Psicolaboral La Evaluaci\u00f3n Psicolaboral es una herramienta que permite conocer en profundidad a un candidato en sus aspectos laborales, personales y drivers motivacionales, elementos esenciales para el desempe\u00f1o en un cargo. Este servicio es muy valorado por aquellas organizaciones que buscan personal por sus propios\u00a0medios y requieren una evaluaci\u00f3n externa calificada y objetiva, que [&hellip;]<\/p>\n","protected":false},"author":1,"featured_media":0,"parent":0,"menu_order":0,"comment_status":"closed","ping_status":"closed","template":"","meta":{"footnotes":""},"class_list":["post-245","page","type-page","status-publish","hentry"],"_links":{"self":[{"href":"https:\/\/growtalent.cl\/index.php\/wp-json\/wp\/v2\/pages\/245","targetHints":{"allow":["GET"]}}],"collection":[{"href":"https:\/\/growtalent.cl\/index.php\/wp-json\/wp\/v2\/pages"}],"about":[{"href":"https:\/\/growtalent.cl\/index.php\/wp-json\/wp\/v2\/types\/page"}],"author":[{"embeddable":true,"href":"https:\/\/growtalent.cl\/index.php\/wp-json\/wp\/v2\/users\/1"}],"replies":[{"embeddable":true,"href":"https:\/\/growtalent.cl\/index.php\/wp-json\/wp\/v2\/comments?post=245"}],"version-history":[{"count":10,"href":"https:\/\/growtalent.cl\/index.php\/wp-json\/wp\/v2\/pages\/245\/revisions"}],"predecessor-version":[{"id":391,"href":"https:\/\/growtalent.cl\/index.php\/wp-json\/wp\/v2\/pages\/245\/revisions\/391"}],"wp:attachment":[{"href":"https:\/\/growtalent.cl\/index.php\/wp-json\/wp\/v2\/media?parent=245"}],"curies":[{"name":"wp","href":"https:\/\/api.w.org\/{rel}","templated":true}]}}